{"id":3031,"date":"2023-05-03T13:04:24","date_gmt":"2023-05-03T11:04:24","guid":{"rendered":"https:\/\/fadajedrez.es\/?page_id=3031"},"modified":"2023-09-09T21:11:14","modified_gmt":"2023-09-09T19:11:14","slug":"bibliografia-historica","status":"publish","type":"page","link":"https:\/\/fadajedrez.com\/wp\/bibliografia-historica\/","title":{"rendered":"Bibliograf\u00eda Hist\u00f3rica"},"content":{"rendered":"[et_pb_section fb_built=\u00bb1&#8243; admin_label=\u00bbsection\u00bb _builder_version=\u00bb4.16&#8243; global_colors_info=\u00bb{}\u00bb][et_pb_row admin_label=\u00bbrow\u00bb _builder_version=\u00bb4.16&#8243; background_size=\u00bbinitial\u00bb background_position=\u00bbtop_left\u00bb background_repeat=\u00bbrepeat\u00bb global_colors_info=\u00bb{}\u00bb][et_pb_column type=\u00bb4_4&#8243; _builder_version=\u00bb4.16&#8243; custom_padding=\u00bb|||\u00bb global_colors_info=\u00bb{}\u00bb custom_padding__hover=\u00bb|||\u00bb][et_pb_text admin_label=\u00bbText\u00bb _builder_version=\u00bb4.16&#8243; background_size=\u00bbinitial\u00bb background_position=\u00bbtop_left\u00bb background_repeat=\u00bbrepeat\u00bb hover_enabled=\u00bb0&#8243; global_colors_info=\u00bb{}\u00bb sticky_enabled=\u00bb0&#8243;]\n<h2 class=\"wp-block-heading\">Portales sobre Historia del Ajedrez Espa\u00f1ol<\/h2>\n\n\n\n<ul class=\"wp-block-list\">\n<li><a href=\"https:\/\/es.wikipedia.org\/wiki\/Federaci%C3%B3n_Andaluza_de_Ajedrez\" target=\"_blank\" rel=\"noreferrer noopener\">Historia de la Federaci\u00f3n Andaluza de Ajedrez<\/a><\/li>\n\n\n\n<li><a href=\"http:\/\/www.andalupedia.es\/p_termino_detalle.php?id_ter=13832\" target=\"_blank\" rel=\"noreferrer noopener\">Ajedrecistas andaluces<\/a><\/li>\n\n\n\n<li><a href=\"https:\/\/es.wikipedia.org\/wiki\/Ajedrez_en_Espa%C3%B1a\" target=\"_blank\" rel=\"noreferrer noopener\">Historia de la FEDA<\/a><\/li>\n\n\n\n<li><a href=\"http:\/\/www.historiadelajedrezespanol.es\/\" target=\"_blank\" rel=\"noreferrer noopener\">Historia del Ajedrez Espa\u00f1ol<\/a>&nbsp;(Portal con muchos recursos)<\/li>\n\n\n\n<li><a href=\"https:\/\/www.facebook.com\/groups\/498948593610422\/\" target=\"_blank\" rel=\"noreferrer noopener\">Grupo de Facebook sobre historia del ajedrez espa\u00f1ol<\/a><\/li>\n\n\n\n<li><a href=\"http:\/\/feda.org\/feda2k16\/comite-de-historia\/\" target=\"_blank\" rel=\"noreferrer noopener\">Comit\u00e9 de Historia de la FEDA<\/a><\/li>\n\n\n\n<li><a href=\"http:\/\/www.ajedrezastur.es\/historia\/\" target=\"_blank\" rel=\"noreferrer noopener\">Historia del Ajedrez Asturiano<\/a><\/li>\n\n\n\n<li><a href=\"http:\/\/www.ajedrez365.com\/\" target=\"_blank\" rel=\"noreferrer noopener\">Art\u00edculos sobre historia del Ajedrez Espa\u00f1ol<\/a><\/li>\n\n\n\n<li><a href=\"http:\/\/www.ajedrecito5.galeon.com\/\" target=\"_blank\" rel=\"noreferrer noopener\">Retroajedrez &#8211; Resultados de Torneos<\/a><\/li>\n\n\n\n<li><a href=\"http:\/\/www.tabladeflandes.com\/campeones-espana-ajedrez.php\" target=\"_blank\" rel=\"noreferrer noopener\">Campeones de Espa\u00f1a<\/a><\/li>\n\n\n\n<li><a href=\"http:\/\/javiastu.blogspot.com.es\/\" target=\"_blank\" rel=\"noreferrer noopener\">Escacultura<\/a><\/li>\n\n\n\n<li><a href=\"http:\/\/nemogc.blogspot.com.es\/\" target=\"_blank\" rel=\"noreferrer noopener\">Ajedrez Canario<\/a><\/li>\n<\/ul>\n\n\n\n<h2 class=\"wp-block-heading\">Revistas antiguas<\/h2>\n\n\n\n<ul class=\"wp-block-list\">\n<li><a href=\"http:\/\/www.historiadelajedrezespanol.es\/revistas.htm\" target=\"_blank\" rel=\"noreferrer noopener\">Acceso libre a revistas<\/a><\/li>\n\n\n\n<li>El Ajedrez Espa\u00f1ol<\/li>\n\n\n\n<li>Bolet\u00edn de la Federaci\u00f3n Catalana de Ajedrez<\/li>\n\n\n\n<li>Trebejos<\/li>\n\n\n\n<li>Ajedrez Canario<\/li>\n\n\n\n<li>Jaque<\/li>\n\n\n\n<li>8&#215;8<\/li>\n\n\n\n<li>Revista Internacional de Ajedrez<\/li>\n\n\n\n<li>G\u00e1mbito<\/li>\n<\/ul>\n\n\n\n<h2 class=\"wp-block-heading\">Libros sobre historia del ajedrez nacional<\/h2>\n\n\n\n<ul class=\"wp-block-list\">\n<li><em>Agon\u00eda de un Genio. Pablo Mor\u00e1n<\/em><\/li>\n\n\n\n<li><em>Campeones y campeonatos de Espa\u00f1a. Pablo Mor\u00e1n<\/em><\/li>\n\n\n\n<li><em>Manual de Ajedrez. Jos\u00e9 Paluzie y Lucena<\/em><\/li>\n\n\n\n<li><em>Historia general del Ajedrez. Julio Ganzo<\/em><\/li>\n<\/ul>\n\n\n\n<h2 class=\"wp-block-heading\">Recursos de b\u00fasqueda sobre informaci\u00f3n hist\u00f3rica<\/h2>\n\n\n\n<ul class=\"wp-block-list\">\n<li><a href=\"http:\/\/www.bne.es\/es\/Catalogos\/HemerotecaDigital\/\" target=\"_blank\" rel=\"noreferrer noopener\">Hemeroteca digital de la BNE<\/a><\/li>\n\n\n\n<li><a href=\"http:\/\/prensahistorica.mcu.es\/es\/consulta\/busqueda.cmd\" target=\"_blank\" rel=\"noreferrer noopener\">Biblioteca virtual de Prensa Hist\u00f3rica<\/a><\/li>\n\n\n\n<li><a href=\"http:\/\/hemeroteca.abc.es\/\" target=\"_blank\" rel=\"noreferrer noopener\">Hemeroteca de ABC<\/a><\/li>\n\n\n\n<li><a href=\"http:\/\/www.lavanguardia.com\/hemeroteca\" target=\"_blank\" rel=\"noreferrer noopener\">Hemeroteca de La Vanguardia<\/a><\/li>\n\n\n\n<li><a href=\"http:\/\/www.mundodeportivo.com\/hemeroteca\" target=\"_blank\" rel=\"noreferrer noopener\">Hemeroteca Mundo Deportivo<\/a><\/li>\n\n\n\n<li><a href=\"http:\/\/mdc2.cbuc.cat\/cdm\/search\/collection\/destino\" target=\"_blank\" rel=\"noreferrer noopener\">Revista Destino<\/a><\/li>\n\n\n\n<li><a href=\"http:\/\/jable.ulpgc.es\/jable\/cgi-bin\/Pandora.exe\/\" target=\"_blank\" rel=\"noreferrer noopener\">Archivo Digital de Canarias<\/a><\/li>\n\n\n\n<li><a href=\"http:\/\/guiesbibtic.upf.edu\/com\/premsa_historica\" target=\"_blank\" rel=\"noreferrer noopener\">Guies BibTIC<\/a><\/li>\n\n\n\n<li><a href=\"http:\/\/mdc1.cbuc.cat\/index.php\" target=\"_blank\" rel=\"noreferrer noopener\">Memoria Digital de Catalunya<\/a><\/li>\n\n\n\n<li><a href=\"http:\/\/www.efedata.com\/\" target=\"_blank\" rel=\"noreferrer noopener\">Agencia EFE<\/a><\/li>\n\n\n\n<li>Hemeroteca digitales provinciales (diputaciones y ayuntamientos)<\/li>\n\n\n\n<li><a href=\"https:\/\/www.todocoleccion.net\/\" target=\"_blank\" rel=\"noreferrer noopener\">Im\u00e1genes en portales de compra y venta<\/a><\/li>\n\n\n\n<li><a href=\"https:\/\/www.familysearch.org\/hr\/search\" target=\"_blank\" rel=\"noreferrer noopener\">Partidas de nacimiento<\/a><\/li>\n<\/ul>\n[\/et_pb_text][\/et_pb_column][\/et_pb_row][\/et_pb_section]","protected":false},"excerpt":{"rendered":"<p>Portales sobre Historia del Ajedrez Espa\u00f1ol Historia de la Federaci\u00f3n Andaluza de Ajedrez Ajedrecistas andaluces Historia de la FEDA Historia del Ajedrez Espa\u00f1ol&nbsp;(Portal con muchos recursos) Grupo de Facebook sobre historia del ajedrez espa\u00f1ol Comit\u00e9 de Historia de la FEDA Historia del Ajedrez Asturiano Art\u00edculos sobre historia del Ajedrez Espa\u00f1ol Retroajedrez &#8211; Resultados de Torneos [&hellip;]<\/p>\n","protected":false},"author":1,"featured_media":0,"parent":0,"menu_order":0,"comment_status":"closed","ping_status":"closed","template":"","meta":{"_acf_changed":false,"_et_pb_use_builder":"on","_et_pb_old_content":"<!-- wp:heading -->\n<h2 class=\"wp-block-heading\">Portales sobre Historia del Ajedrez Espa\u00f1ol<\/h2>\n<!-- \/wp:heading -->\n\n<!-- wp:list -->\n<ul><!-- wp:list-item -->\n<li><a href=\"https:\/\/es.wikipedia.org\/wiki\/Federaci%C3%B3n_Andaluza_de_Ajedrez\" target=\"_blank\" rel=\"noreferrer noopener\">Historia de la Federaci\u00f3n Andaluza de Ajedrez<\/a><\/li>\n<!-- \/wp:list-item -->\n\n<!-- wp:list-item -->\n<li><a href=\"http:\/\/www.andalupedia.es\/p_termino_detalle.php?id_ter=13832\" target=\"_blank\" rel=\"noreferrer noopener\">Ajedrecistas andaluces<\/a><\/li>\n<!-- \/wp:list-item -->\n\n<!-- wp:list-item -->\n<li><a href=\"https:\/\/es.wikipedia.org\/wiki\/Ajedrez_en_Espa%C3%B1a\" target=\"_blank\" rel=\"noreferrer noopener\">Historia de la FEDA<\/a><\/li>\n<!-- \/wp:list-item -->\n\n<!-- wp:list-item -->\n<li><a href=\"http:\/\/www.historiadelajedrezespanol.es\/\" target=\"_blank\" rel=\"noreferrer noopener\">Historia del Ajedrez Espa\u00f1ol<\/a>&nbsp;(Portal con muchos recursos)<\/li>\n<!-- \/wp:list-item -->\n\n<!-- wp:list-item -->\n<li><a href=\"https:\/\/www.facebook.com\/groups\/498948593610422\/\" target=\"_blank\" rel=\"noreferrer noopener\">Grupo de Facebook sobre historia del ajedrez espa\u00f1ol<\/a><\/li>\n<!-- \/wp:list-item -->\n\n<!-- wp:list-item -->\n<li><a href=\"http:\/\/feda.org\/feda2k16\/comite-de-historia\/\" target=\"_blank\" rel=\"noreferrer noopener\">Comit\u00e9 de Historia de la FEDA<\/a><\/li>\n<!-- \/wp:list-item -->\n\n<!-- wp:list-item -->\n<li><a href=\"http:\/\/www.ajedrezastur.es\/historia\/\" target=\"_blank\" rel=\"noreferrer noopener\">Historia del Ajedrez Asturiano<\/a><\/li>\n<!-- \/wp:list-item -->\n\n<!-- wp:list-item -->\n<li><a href=\"http:\/\/www.ajedrez365.com\/\" target=\"_blank\" rel=\"noreferrer noopener\">Art\u00edculos sobre historia del Ajedrez Espa\u00f1ol<\/a><\/li>\n<!-- \/wp:list-item -->\n\n<!-- wp:list-item -->\n<li><a href=\"http:\/\/www.ajedrecito5.galeon.com\/\" target=\"_blank\" rel=\"noreferrer noopener\">Retroajedrez - Resultados de Torneos<\/a><\/li>\n<!-- \/wp:list-item -->\n\n<!-- wp:list-item -->\n<li><a href=\"http:\/\/www.tabladeflandes.com\/campeones-espana-ajedrez.php\" target=\"_blank\" rel=\"noreferrer noopener\">Campeones de Espa\u00f1a<\/a><\/li>\n<!-- \/wp:list-item -->\n\n<!-- wp:list-item -->\n<li><a href=\"http:\/\/javiastu.blogspot.com.es\/\" target=\"_blank\" rel=\"noreferrer noopener\">Escacultura<\/a><\/li>\n<!-- \/wp:list-item -->\n\n<!-- wp:list-item -->\n<li><a href=\"http:\/\/nemogc.blogspot.com.es\/\" target=\"_blank\" rel=\"noreferrer noopener\">Ajedrez Canario<\/a><\/li>\n<!-- \/wp:list-item --><\/ul>\n<!-- \/wp:list -->\n\n<!-- wp:heading -->\n<h2 class=\"wp-block-heading\">Revistas antiguas<\/h2>\n<!-- \/wp:heading -->\n\n<!-- wp:list -->\n<ul><!-- wp:list-item -->\n<li><a href=\"http:\/\/www.historiadelajedrezespanol.es\/revistas.htm\" target=\"_blank\" rel=\"noreferrer noopener\">Acceso libre a revistas<\/a><\/li>\n<!-- \/wp:list-item -->\n\n<!-- wp:list-item -->\n<li>El Ajedrez Espa\u00f1ol<\/li>\n<!-- \/wp:list-item -->\n\n<!-- wp:list-item -->\n<li>Bolet\u00edn de la Federaci\u00f3n Catalana de Ajedrez<\/li>\n<!-- \/wp:list-item -->\n\n<!-- wp:list-item -->\n<li>Trebejos<\/li>\n<!-- \/wp:list-item -->\n\n<!-- wp:list-item -->\n<li>Ajedrez Canario<\/li>\n<!-- \/wp:list-item -->\n\n<!-- wp:list-item -->\n<li>Jaque<\/li>\n<!-- \/wp:list-item -->\n\n<!-- wp:list-item -->\n<li>8x8<\/li>\n<!-- \/wp:list-item -->\n\n<!-- wp:list-item -->\n<li>Revista Internacional de Ajedrez<\/li>\n<!-- \/wp:list-item -->\n\n<!-- wp:list-item -->\n<li>G\u00e1mbito<\/li>\n<!-- \/wp:list-item --><\/ul>\n<!-- \/wp:list -->\n\n<!-- wp:heading -->\n<h2 class=\"wp-block-heading\">Libros sobre historia del ajedrez nacional<\/h2>\n<!-- \/wp:heading -->\n\n<!-- wp:list -->\n<ul><!-- wp:list-item -->\n<li><em>Agon\u00eda de un Genio. Pablo Mor\u00e1n<\/em><\/li>\n<!-- \/wp:list-item -->\n\n<!-- wp:list-item -->\n<li><em>Campeones y campeonatos de Espa\u00f1a. Pablo Mor\u00e1n<\/em><\/li>\n<!-- \/wp:list-item -->\n\n<!-- wp:list-item -->\n<li><em>Manual de Ajedrez. Jos\u00e9 Paluzie y Lucena<\/em><\/li>\n<!-- \/wp:list-item -->\n\n<!-- wp:list-item -->\n<li><em>Historia general del Ajedrez. Julio Ganzo<\/em><\/li>\n<!-- \/wp:list-item --><\/ul>\n<!-- \/wp:list -->\n\n<!-- wp:heading -->\n<h2 class=\"wp-block-heading\">Recursos de b\u00fasqueda sobre informaci\u00f3n hist\u00f3rica<\/h2>\n<!-- \/wp:heading -->\n\n<!-- wp:list -->\n<ul><!-- wp:list-item -->\n<li><a href=\"http:\/\/www.bne.es\/es\/Catalogos\/HemerotecaDigital\/\" target=\"_blank\" rel=\"noreferrer noopener\">Hemeroteca digital de la BNE<\/a><\/li>\n<!-- \/wp:list-item -->\n\n<!-- wp:list-item -->\n<li><a href=\"http:\/\/prensahistorica.mcu.es\/es\/consulta\/busqueda.cmd\" target=\"_blank\" rel=\"noreferrer noopener\">Biblioteca virtual de Prensa Hist\u00f3rica<\/a><\/li>\n<!-- \/wp:list-item -->\n\n<!-- wp:list-item -->\n<li><a href=\"http:\/\/hemeroteca.abc.es\/\" target=\"_blank\" rel=\"noreferrer noopener\">Hemeroteca de ABC<\/a><\/li>\n<!-- \/wp:list-item -->\n\n<!-- wp:list-item -->\n<li><a href=\"http:\/\/www.lavanguardia.com\/hemeroteca\" target=\"_blank\" rel=\"noreferrer noopener\">Hemeroteca de La Vanguardia<\/a><\/li>\n<!-- \/wp:list-item -->\n\n<!-- wp:list-item -->\n<li><a href=\"http:\/\/www.mundodeportivo.com\/hemeroteca\" target=\"_blank\" rel=\"noreferrer noopener\">Hemeroteca Mundo Deportivo<\/a><\/li>\n<!-- \/wp:list-item -->\n\n<!-- wp:list-item -->\n<li><a href=\"http:\/\/mdc2.cbuc.cat\/cdm\/search\/collection\/destino\" target=\"_blank\" rel=\"noreferrer noopener\">Revista Destino<\/a><\/li>\n<!-- \/wp:list-item -->\n\n<!-- wp:list-item -->\n<li><a href=\"http:\/\/jable.ulpgc.es\/jable\/cgi-bin\/Pandora.exe\/\" target=\"_blank\" rel=\"noreferrer noopener\">Archivo Digital de Canarias<\/a><\/li>\n<!-- \/wp:list-item -->\n\n<!-- wp:list-item -->\n<li><a href=\"http:\/\/guiesbibtic.upf.edu\/com\/premsa_historica\" target=\"_blank\" rel=\"noreferrer noopener\">Guies BibTIC<\/a><\/li>\n<!-- \/wp:list-item -->\n\n<!-- wp:list-item -->\n<li><a href=\"http:\/\/mdc1.cbuc.cat\/index.php\" target=\"_blank\" rel=\"noreferrer noopener\">Memoria Digital de Catalunya<\/a><\/li>\n<!-- \/wp:list-item -->\n\n<!-- wp:list-item -->\n<li><a href=\"http:\/\/www.efedata.com\/\" target=\"_blank\" rel=\"noreferrer noopener\">Agencia EFE<\/a><\/li>\n<!-- \/wp:list-item -->\n\n<!-- wp:list-item -->\n<li>Hemeroteca digitales provinciales (diputaciones y ayuntamientos)<\/li>\n<!-- \/wp:list-item -->\n\n<!-- wp:list-item -->\n<li><a href=\"https:\/\/www.todocoleccion.net\/\" target=\"_blank\" rel=\"noreferrer noopener\">Im\u00e1genes en portales de compra y venta<\/a><\/li>\n<!-- \/wp:list-item -->\n\n<!-- wp:list-item -->\n<li><a href=\"https:\/\/www.familysearch.org\/hr\/search\" target=\"_blank\" rel=\"noreferrer noopener\">Partidas de nacimiento<\/a><\/li>\n<!-- \/wp:list-item --><\/ul>\n<!-- \/wp:list -->","_et_gb_content_width":"","footnotes":""},"class_list":["post-3031","page","type-page","status-publish","hentry"],"acf":[],"_links":{"self":[{"href":"https:\/\/fadajedrez.com\/wp\/wp-json\/wp\/v2\/pages\/3031","targetHints":{"allow":["GET"]}}],"collection":[{"href":"https:\/\/fadajedrez.com\/wp\/wp-json\/wp\/v2\/pages"}],"about":[{"href":"https:\/\/fadajedrez.com\/wp\/wp-json\/wp\/v2\/types\/page"}],"author":[{"embeddable":true,"href":"https:\/\/fadajedrez.com\/wp\/wp-json\/wp\/v2\/users\/1"}],"replies":[{"embeddable":true,"href":"https:\/\/fadajedrez.com\/wp\/wp-json\/wp\/v2\/comments?post=3031"}],"version-history":[{"count":2,"href":"https:\/\/fadajedrez.com\/wp\/wp-json\/wp\/v2\/pages\/3031\/revisions"}],"predecessor-version":[{"id":5692,"href":"https:\/\/fadajedrez.com\/wp\/wp-json\/wp\/v2\/pages\/3031\/revisions\/5692"}],"wp:attachment":[{"href":"https:\/\/fadajedrez.com\/wp\/wp-json\/wp\/v2\/media?parent=3031"}],"curies":[{"name":"wp","href":"https:\/\/api.w.org\/{rel}","templated":true}]}}