{"id":2408,"date":"2016-01-10T12:47:25","date_gmt":"2016-01-10T11:47:25","guid":{"rendered":"http:\/\/fadajedrez.com\/ajedrezalmeria\/?page_id=2408"},"modified":"2024-08-06T18:37:27","modified_gmt":"2024-08-06T16:37:27","slug":"monitores-almeria","status":"publish","type":"page","link":"https:\/\/fadajedrez.com\/ajedrezalmeria\/delegacion\/monitores-almeria","title":{"rendered":"Monitores Almeria"},"content":{"rendered":"<p>Monitores federados en la provincia de Almer\u00eda para la temporada 2024<\/p>\n<table>\n<tbody>\n<tr>\n<td>Monitor en pr\u00e1cticas<\/td>\n<td>FRANCISCO JESUS<\/td>\n<td>ALVAREZ CASTELL\u00d3N<\/td>\n<\/tr>\n<tr>\n<td>Monitor Superior Auton\u00f3mico FADA<\/td>\n<td>MIGUEL<\/td>\n<td>ALVAREZ MORALES<\/td>\n<\/tr>\n<tr>\n<td>Instructor Auton\u00f3mico FADA<\/td>\n<td>MARIA CRISTINA<\/td>\n<td>BENAVIDES ROMERO<\/td>\n<\/tr>\n<tr>\n<td>Instructor Auton\u00f3mico FADA<\/td>\n<td>VICTOR<\/td>\n<td>FERNANDEZ MANZANO<\/td>\n<\/tr>\n<tr>\n<td>Monitor Base Auton\u00f3mico FADA<\/td>\n<td>FRANCISCO<\/td>\n<td>GARCIA ALMAGRO<\/td>\n<\/tr>\n<tr>\n<td>Instructor Auton\u00f3mico FADA<\/td>\n<td>ALVARO<\/td>\n<td>GARCIA BELLIDO<\/td>\n<\/tr>\n<tr>\n<td>Monitor Superior Auton\u00f3mico FADA<\/td>\n<td>JAVIER<\/td>\n<td>GARRIDO FERNANDEZ<\/td>\n<\/tr>\n<tr>\n<td>Instructor Auton\u00f3mico FADA<\/td>\n<td>DAVID<\/td>\n<td>HERNANDEZ MARIN<\/td>\n<\/tr>\n<tr>\n<td>Monitor en pr\u00e1cticas<\/td>\n<td>ROBERTO<\/td>\n<td>LAZARO GARCIA<\/td>\n<\/tr>\n<tr>\n<td>Monitor en pr\u00e1cticas<\/td>\n<td>JUAN FRANCISCO<\/td>\n<td>MARTINEZ CARVAJAL<\/td>\n<\/tr>\n<tr>\n<td>Monitor en pr\u00e1cticas<\/td>\n<td>JOSE MANUEL<\/td>\n<td>MORALES CARMONA<\/td>\n<\/tr>\n<tr>\n<td>Monitor Base Auton\u00f3mico FADA<\/td>\n<td>MANUEL<\/td>\n<td>SANCHEZ LORES<\/td>\n<\/tr>\n<tr>\n<td><\/td>\n<td><\/td>\n<td><\/td>\n<\/tr>\n<\/tbody>\n<\/table>\n<p>Este listado es meramente informativo y ha sido obtenido de la web de federados de la Federaci\u00f3n Andaluza de Ajedrez, en todo caso se considerar\u00e1n federados los \u00e1rbitros recogidos es el listado oficial de la web <a href=\"http:\/\/gefe.net\" target=\"_blank\" rel=\"noopener\">www.gefe.net<\/a><\/p>\n","protected":false},"excerpt":{"rendered":"<p>Monitores federados en la provincia de Almer\u00eda para la temporada 2024 Monitor en pr\u00e1cticas FRANCISCO JESUS ALVAREZ CASTELL\u00d3N Monitor Superior<\/p>\n","protected":false},"author":5,"featured_media":0,"parent":2030,"menu_order":0,"comment_status":"closed","ping_status":"closed","template":"","meta":{"footnotes":""},"class_list":["post-2408","page","type-page","status-publish","hentry"],"_links":{"self":[{"href":"https:\/\/fadajedrez.com\/ajedrezalmeria\/wp-json\/wp\/v2\/pages\/2408","targetHints":{"allow":["GET"]}}],"collection":[{"href":"https:\/\/fadajedrez.com\/ajedrezalmeria\/wp-json\/wp\/v2\/pages"}],"about":[{"href":"https:\/\/fadajedrez.com\/ajedrezalmeria\/wp-json\/wp\/v2\/types\/page"}],"author":[{"embeddable":true,"href":"https:\/\/fadajedrez.com\/ajedrezalmeria\/wp-json\/wp\/v2\/users\/5"}],"replies":[{"embeddable":true,"href":"https:\/\/fadajedrez.com\/ajedrezalmeria\/wp-json\/wp\/v2\/comments?post=2408"}],"version-history":[{"count":7,"href":"https:\/\/fadajedrez.com\/ajedrezalmeria\/wp-json\/wp\/v2\/pages\/2408\/revisions"}],"predecessor-version":[{"id":6455,"href":"https:\/\/fadajedrez.com\/ajedrezalmeria\/wp-json\/wp\/v2\/pages\/2408\/revisions\/6455"}],"up":[{"embeddable":true,"href":"https:\/\/fadajedrez.com\/ajedrezalmeria\/wp-json\/wp\/v2\/pages\/2030"}],"wp:attachment":[{"href":"https:\/\/fadajedrez.com\/ajedrezalmeria\/wp-json\/wp\/v2\/media?parent=2408"}],"curies":[{"name":"wp","href":"https:\/\/api.w.org\/{rel}","templated":true}]}}