{"id":2040,"date":"2015-07-14T07:34:01","date_gmt":"2015-07-14T05:34:01","guid":{"rendered":"http:\/\/fadajedrez.com\/ajedrezalmeria\/?page_id=2040"},"modified":"2020-01-01T14:14:52","modified_gmt":"2020-01-01T13:14:52","slug":"clubs-de-la-provincia-de-almeria","status":"publish","type":"page","link":"https:\/\/fadajedrez.com\/ajedrezalmeria\/delegacion\/clubs-de-la-provincia-de-almeria","title":{"rendered":"Clubs de la provincia de Almer\u00eda"},"content":{"rendered":"<p>A continuaci\u00f3n se listan los clubs federados en la temporada 2019\u00a0 a trav\u00e9s de la Delegaci\u00f3n Almeriense de Ajedrez, tambi\u00e9n se enlazan a la web de cada uno en caso de tenerla.<\/p>\n<ul class=\"weblinks\">\n<li class=\"circulo\"><a href=\"http:\/\/clubajedrezalmeriacirculomercantil.blogspot.com.es\" target=\"_blank\" rel=\"noopener noreferrer\">Club Circulo Mercantil de Almer\u00eda<\/a><\/li>\n<li class=\"ejido\"><a href=\"http:\/\/www.ajedrezejido.com\" target=\"_blank\" rel=\"follow noopener noreferrer\">Club Ajedrez El Ejido<\/a><\/li>\n<li class=\"frigan\"><a href=\"http:\/\/clubajedrezfriganvicar.blogspot.com.es\" target=\"_blank\" rel=\"follow noopener noreferrer\">Club Ajedrez Frigan Vicar<\/a><\/li>\n<li class=\"indalo\"><a href=\"http:\/\/www.indalo.club\" target=\"_blank\" rel=\"noopener noreferrer\">Club de Ajedrez Indalo<\/a><\/li>\n<li class=\"reverte\"><a href=\"http:\/\/www.ajedrezreverte.com\" target=\"_blank\" rel=\"follow noopener noreferrer\">Club Ajedrez ReverteMinerals<\/a><\/li>\n<li class=\"reverte\"><a href=\"http:\/\/clubajedrezelrey.blogspot.com.es\/\" target=\"_blank\" rel=\"noopener noreferrer\">Club de Ajedrez El Rey<\/a><\/li>\n<li class=\"club-ajedrez-roquetas\"><a href=\"http:\/\/clubajedrezroquetas.blogspot.com.es\/\" target=\"_blank\" rel=\"follow noopener noreferrer\">Club Ajedrez Roquetas<\/a><\/li>\n<li class=\"club-ajedrez-roquetas\"><a href=\"http:\/\/clubdeajedrezvicar.blogspot.com.es\" target=\"_blank\" rel=\"follow noopener noreferrer\">Club Ajedrez V\u00edcar<\/a><\/li>\n<li class=\"vicar\">Club Ajedrez Vicente Bonil<\/li>\n<li>Club Ajedrez Tijola<\/li>\n<\/ul>\n","protected":false},"excerpt":{"rendered":"<p>A continuaci\u00f3n se listan los clubs federados en la temporada 2019\u00a0 a trav\u00e9s de la Delegaci\u00f3n Almeriense de Ajedrez, tambi\u00e9n<\/p>\n","protected":false},"author":5,"featured_media":0,"parent":2030,"menu_order":0,"comment_status":"closed","ping_status":"closed","template":"","meta":{"footnotes":""},"class_list":["post-2040","page","type-page","status-publish","hentry"],"_links":{"self":[{"href":"https:\/\/fadajedrez.com\/ajedrezalmeria\/wp-json\/wp\/v2\/pages\/2040","targetHints":{"allow":["GET"]}}],"collection":[{"href":"https:\/\/fadajedrez.com\/ajedrezalmeria\/wp-json\/wp\/v2\/pages"}],"about":[{"href":"https:\/\/fadajedrez.com\/ajedrezalmeria\/wp-json\/wp\/v2\/types\/page"}],"author":[{"embeddable":true,"href":"https:\/\/fadajedrez.com\/ajedrezalmeria\/wp-json\/wp\/v2\/users\/5"}],"replies":[{"embeddable":true,"href":"https:\/\/fadajedrez.com\/ajedrezalmeria\/wp-json\/wp\/v2\/comments?post=2040"}],"version-history":[{"count":9,"href":"https:\/\/fadajedrez.com\/ajedrezalmeria\/wp-json\/wp\/v2\/pages\/2040\/revisions"}],"predecessor-version":[{"id":5169,"href":"https:\/\/fadajedrez.com\/ajedrezalmeria\/wp-json\/wp\/v2\/pages\/2040\/revisions\/5169"}],"up":[{"embeddable":true,"href":"https:\/\/fadajedrez.com\/ajedrezalmeria\/wp-json\/wp\/v2\/pages\/2030"}],"wp:attachment":[{"href":"https:\/\/fadajedrez.com\/ajedrezalmeria\/wp-json\/wp\/v2\/media?parent=2040"}],"curies":[{"name":"wp","href":"https:\/\/api.w.org\/{rel}","templated":true}]}}