{"id":2030,"date":"2015-07-01T07:23:30","date_gmt":"2015-07-01T05:23:30","guid":{"rendered":"http:\/\/fadajedrez.com\/ajedrezalmeria\/?page_id=2030"},"modified":"2015-07-16T09:58:04","modified_gmt":"2015-07-16T07:58:04","slug":"delegacion","status":"publish","type":"page","link":"https:\/\/fadajedrez.com\/ajedrezalmeria\/delegacion","title":{"rendered":"Delegaci\u00f3n Almeriense de Ajedrez"},"content":{"rendered":"<p style=\"text-align: justify;\">La\u00a0Delegaci\u00f3n Almeriense de Ajedrez es un \u00f3rgano territorial de la Federaci\u00f3n Andaluza de Ajedrez (FADA) subordinada al gobierno de la FADA\u00a0y\u00a0ostenta la representaci\u00f3n de la misma en la provincia de Almer\u00eda. \u00a0La FADA\u00a0y por tanto la Almeriense son una entidad deportiva de car\u00e1cter privado\u00a0y naturaleza asociativa, sin \u00e1nimo de lucro, con personalidad jur\u00eddica propia y plena\u00a0capacidad de obrar para el cumplimiento de sus fines.<\/p>\n<p style=\"text-align: justify;\"><img loading=\"lazy\" decoding=\"async\" class=\"aligncenter size-full wp-image-933\" src=\"http:\/\/fadajedrez.com\/ajedrezalmeria\/wp-content\/uploads\/2013\/08\/fadalmeria.png\" alt=\"Anagrama\" width=\"250\" height=\"320\" srcset=\"https:\/\/fadajedrez.com\/ajedrezalmeria\/wp-content\/uploads\/2013\/08\/fadalmeria.png 250w, https:\/\/fadajedrez.com\/ajedrezalmeria\/wp-content\/uploads\/2013\/08\/fadalmeria-234x300.png 234w\" sizes=\"auto, (max-width: 250px) 100vw, 250px\" \/><\/p>\n<p style=\"text-align: justify;\">Los fines de la Delegaci\u00f3n Almeriense consisten en la promoci\u00f3n,\u00a0pr\u00e1ctica y desarrollo del ajedrez, en el \u00e1mbito territorial de la provincia de Almer\u00eda. Los\u00a0\u00f3rganos de gesti\u00f3n de la Delegaci\u00f3n Almeriense son: la Asamblea Provincial; el\u00a0Delegado Territorial Provincial y la <a href=\"http:\/\/fadajedrez.com\/ajedrezalmeria\/delegacion\/junta-directiva\">Junta Directiva Provincial<\/a>.<\/p>\n<p style=\"text-align: justify;\">La FADA y la Delegaci\u00f3n Almeriense est\u00e1n regulados por sus estatutos publicados en la \u00ab<em><a href=\"http:\/\/www.juntadeandalucia.es\/boja\/2001\/38\/50\" target=\"_blank\">Resoluci\u00f3n\u00a0de 5 de febrero de 2001, de la Direcci\u00f3n General de Actividades y Promoci\u00f3n Deportiva, por la que se dispone la publicaci\u00f3n de los Estatutos de la Federaci\u00f3n Andaluza de Ajedrez<\/a><\/em>\u00bb y la normativa recogida en la secci\u00f3n correspondiente de esta web.<\/p>\n","protected":false},"excerpt":{"rendered":"<p>La\u00a0Delegaci\u00f3n Almeriense de Ajedrez es un \u00f3rgano territorial de la Federaci\u00f3n Andaluza de Ajedrez (FADA) subordinada al gobierno de la<\/p>\n","protected":false},"author":5,"featured_media":0,"parent":0,"menu_order":0,"comment_status":"closed","ping_status":"closed","template":"","meta":{"footnotes":""},"class_list":["post-2030","page","type-page","status-publish","hentry"],"_links":{"self":[{"href":"https:\/\/fadajedrez.com\/ajedrezalmeria\/wp-json\/wp\/v2\/pages\/2030","targetHints":{"allow":["GET"]}}],"collection":[{"href":"https:\/\/fadajedrez.com\/ajedrezalmeria\/wp-json\/wp\/v2\/pages"}],"about":[{"href":"https:\/\/fadajedrez.com\/ajedrezalmeria\/wp-json\/wp\/v2\/types\/page"}],"author":[{"embeddable":true,"href":"https:\/\/fadajedrez.com\/ajedrezalmeria\/wp-json\/wp\/v2\/users\/5"}],"replies":[{"embeddable":true,"href":"https:\/\/fadajedrez.com\/ajedrezalmeria\/wp-json\/wp\/v2\/comments?post=2030"}],"version-history":[{"count":7,"href":"https:\/\/fadajedrez.com\/ajedrezalmeria\/wp-json\/wp\/v2\/pages\/2030\/revisions"}],"predecessor-version":[{"id":5049,"href":"https:\/\/fadajedrez.com\/ajedrezalmeria\/wp-json\/wp\/v2\/pages\/2030\/revisions\/5049"}],"wp:attachment":[{"href":"https:\/\/fadajedrez.com\/ajedrezalmeria\/wp-json\/wp\/v2\/media?parent=2030"}],"curies":[{"name":"wp","href":"https:\/\/api.w.org\/{rel}","templated":true}]}}