{"id":1780,"date":"2015-07-06T05:07:08","date_gmt":"2015-07-06T03:07:08","guid":{"rendered":"http:\/\/fadajedrez.com\/ajedrezalmeria\/my-calendar"},"modified":"2020-01-05T13:25:55","modified_gmt":"2020-01-05T12:25:55","slug":"calendario","status":"publish","type":"page","link":"https:\/\/fadajedrez.com\/ajedrezalmeria\/calendario","title":{"rendered":"Pr\u00f3ximas competiciones"},"content":{"rendered":"<p><span style=\"font-size: inherit;\">\u00a0En esta secci\u00f3n se recogen los torneos oficiales, los valederos para ELO FADA y tambi\u00e9n otros que tiene lugar en la provincial de Almer\u00eda:<\/span><\/p>\n<p>[my_calendar]<\/p>\n\n\n<p><\/p>\n","protected":false},"excerpt":{"rendered":"<p>[my_calendar_upcoming type=\u00bbevent\u00bb template=\u00bb<\/p>\n<div class=\\'following-post proxelo widget_featured_posts\\'\n style=\\'margin-bottom: 10px\\'><\/p>\n<div class=\\'single-article clearfix\\'>\n<figure \n style=\\'float: left;margin-right: 10px\\'><img src=\\'{colormag-featured-post-cartel_url}\\' \n class=\\'attachment-colormag-featured-post-cartel wp-post-image\\' style=\\'margin-bottom: 0px\\'\n height=\\'90\\' width=\\'65\\'><\/figure>\n<div class=\\'article-content\\'>\n<h3 class=\\'entry-title\\' \n style=\\'font-size: 14px;margin-top: 0px\\'><b>{linking_title}<\/b><\/h3>\n<div class=\\'below-entry-meta\\' \n style=\\'margin-bottom: 0px\\'><span class=\\'posted-on\\'><i class=\\'fa fa-calendar-o\\'><\/i><span \n style=\\'font-size: 12px;color: #888888\\'>{date}<\/span><\/span><br \/><span class=\\'comments\\'><i\n class=\\'fa fa-globe\\'><\/i><span style=\\'font-size: 12px;color: #888888\\'>{description_raw}<\/span><\/span><\/div>\n<\/div>\n<\/div>\n<p>\u00bb<br \/>\n type=\u00bbevent\u00bb   category=\u00bb1,2&#8243; before=\u00bb0&#8243; after=\u00bb6&#8243; skip=\u00bb0&#8243; order=\u00bbasc\u00bb]<\/p>\n","protected":false},"author":5,"featured_media":0,"parent":0,"menu_order":0,"comment_status":"open","ping_status":"closed","template":"","meta":{"footnotes":""},"class_list":["post-1780","page","type-page","status-publish","hentry"],"_links":{"self":[{"href":"https:\/\/fadajedrez.com\/ajedrezalmeria\/wp-json\/wp\/v2\/pages\/1780","targetHints":{"allow":["GET"]}}],"collection":[{"href":"https:\/\/fadajedrez.com\/ajedrezalmeria\/wp-json\/wp\/v2\/pages"}],"about":[{"href":"https:\/\/fadajedrez.com\/ajedrezalmeria\/wp-json\/wp\/v2\/types\/page"}],"author":[{"embeddable":true,"href":"https:\/\/fadajedrez.com\/ajedrezalmeria\/wp-json\/wp\/v2\/users\/5"}],"replies":[{"embeddable":true,"href":"https:\/\/fadajedrez.com\/ajedrezalmeria\/wp-json\/wp\/v2\/comments?post=1780"}],"version-history":[{"count":7,"href":"https:\/\/fadajedrez.com\/ajedrezalmeria\/wp-json\/wp\/v2\/pages\/1780\/revisions"}],"predecessor-version":[{"id":5202,"href":"https:\/\/fadajedrez.com\/ajedrezalmeria\/wp-json\/wp\/v2\/pages\/1780\/revisions\/5202"}],"wp:attachment":[{"href":"https:\/\/fadajedrez.com\/ajedrezalmeria\/wp-json\/wp\/v2\/media?parent=1780"}],"curies":[{"name":"wp","href":"https:\/\/api.w.org\/{rel}","templated":true}]}}